{"id":16,"date":"2026-04-22T05:42:21","date_gmt":"2026-04-22T05:42:21","guid":{"rendered":"http:\/\/www.erkanticaret.net\/?page_id=16"},"modified":"2026-05-05T09:54:52","modified_gmt":"2026-05-05T09:54:52","slug":"ana-sayfa","status":"publish","type":"page","link":"http:\/\/www.erkanticaret.net\/","title":{"rendered":"Ana Sayfa"},"content":{"rendered":"\t\t<div data-elementor-type=\"wp-page\" data-elementor-id=\"16\" class=\"elementor elementor-16\">\n\t\t\t\t<div class=\"elementor-element elementor-element-bbe7b35 e-con-full e-flex e-con e-parent\" data-id=\"bbe7b35\" data-element_type=\"container\" data-e-type=\"container\">\n\t\t\t\t\t\n<hr class=\"e-158e543-2160594 e-divider-base\" data-interaction-id=\"158e543\"   \/>\n\t\t\t\t<\/div>\n\t\t<div class=\"elementor-element elementor-element-88dd110 e-grid e-con-boxed e-con e-parent\" data-id=\"88dd110\" data-element_type=\"container\" data-e-type=\"container\">\n\t\t\t\t\t<div class=\"e-con-inner\">\n\t\t\t\t\t\t\t\n\t\t\t<img fetchpriority=\"high\" decoding=\"async\" class=\"e-image-base e-231c284-7493e9e\" data-interaction-id=\"231c284\" id=\"59\" src=\"http:\/\/www.erkanticaret.net\/wp-content\/uploads\/2026\/04\/hep.png\" width=\"500\" height=\"117\" srcset=\"http:\/\/www.erkanticaret.net\/wp-content\/uploads\/2026\/04\/hep.png 500w, http:\/\/www.erkanticaret.net\/wp-content\/uploads\/2026\/04\/hep-300x70.png 300w\" alt=\"\" title=\"\">\n\t\t\t\t\t\t\t\t\n\t\t\t<img decoding=\"async\" class=\"e-image-base \" data-interaction-id=\"74b485c\" id=\"60\" src=\"http:\/\/www.erkanticaret.net\/wp-content\/uploads\/2026\/04\/tre.png\" width=\"500\" height=\"120\" srcset=\"http:\/\/www.erkanticaret.net\/wp-content\/uploads\/2026\/04\/tre.png 500w, http:\/\/www.erkanticaret.net\/wp-content\/uploads\/2026\/04\/tre-300x72.png 300w\" alt=\"\" title=\"\">\n\t\t\t\t\t\t<\/div>\n\t\t\t\t<\/div>\n\t\t<div class=\"elementor-element elementor-element-7dd3669 e-flex e-con-boxed e-con e-parent\" data-id=\"7dd3669\" data-element_type=\"container\" data-e-type=\"container\">\n\t\t\t\t\t<div class=\"e-con-inner\">\n\t\t<div class=\"elementor-element elementor-element-60a2bad e-con-full e-flex e-con e-child\" data-id=\"60a2bad\" data-element_type=\"container\" data-e-type=\"container\">\n\t\t\t\t\t\t\t<h2 \n\t\tdata-interaction-id=\"ed00de3\" \n\t\tclass=\"e-ed00de3-0ab6d52 e-heading-base\" \n\t\t \n\t\t\n\t>\n\t\n\t\t\t\"Huzurla Demlenen Bir \u00c7ay,mutluluk verir\"\n\t\t<\/h2>\n\t\t\t\t<\/div>\n\t\t\t\t\t<\/div>\n\t\t\t\t<\/div>\n\t\t<div class=\"elementor-element elementor-element-9c4c7db e-flex e-con-boxed e-con e-parent\" data-id=\"9c4c7db\" data-element_type=\"container\" data-e-type=\"container\">\n\t\t\t\t\t<div class=\"e-con-inner\">\n\t\t<div class=\"elementor-element elementor-element-42b2f3b e-con-full e-flex e-con e-child\" data-id=\"42b2f3b\" data-element_type=\"container\" data-e-type=\"container\">\n\t\t\t\t\t\t\t<h2 \n\t\tdata-interaction-id=\"3c40cb3\" \n\t\tclass=\"e-3c40cb3-308ae09 e-heading-base\" \n\t\t \n\t\t\n\t>\n\t\n\t\t\tFarkl\u0131&nbsp; bir\u00e7ok markan\u0131n \u00e7aylar\u0131n\u0131 ma\u011fazam\u0131zda bulabilir , hediyelik \u00e7ay \u00e7e\u015fitleriyle sevdiklerinizi sevindirebilirsiniz\n\t\t<\/h2>\n\t\t\t\t<\/div>\n\t\t\t\t\t<\/div>\n\t\t\t\t<\/div>\n\t\t<div class=\"elementor-element elementor-element-20874f9 e-flex e-con-boxed e-con e-parent\" data-id=\"20874f9\" data-element_type=\"container\" data-e-type=\"container\" data-settings=\"{&quot;background_background&quot;:&quot;gradient&quot;}\">\n\t\t\t\t\t<div class=\"e-con-inner\">\n\t\t\t\t\t\t\t<h2 \n\t\tdata-interaction-id=\"cb0d0cb\" \n\t\tclass=\"e-cb0d0cb-b546dcf e-heading-base\" \n\t\t \n\t\t\n\t>\n\t\n\t\t\t<strong id=\"e-molgqmn0-rp2f837\">\u00c7ay Grubu&nbsp;<\/strong>\n\t\t<\/h2>\n\t\t\t\t\t<\/div>\n\t\t\t\t<\/div>\n\t\t<div class=\"elementor-element elementor-element-2344c44 e-flex e-con-boxed e-con e-parent\" data-id=\"2344c44\" data-element_type=\"container\" data-e-type=\"container\">\n\t\t\t\t\t<div class=\"e-con-inner\">\n\t\t\t\t\t\n<hr class=\"e-divider-base\" data-interaction-id=\"5c9cc7f\"   \/>\n\t\t\t\t\t<\/div>\n\t\t\t\t<\/div>\n\t\t<div class=\"elementor-element elementor-element-956b45e e-grid e-con-boxed e-con e-parent\" data-id=\"956b45e\" data-element_type=\"container\" data-e-type=\"container\" data-settings=\"{&quot;animation&quot;:&quot;none&quot;}\">\n\t\t\t\t\t<div class=\"e-con-inner\">\n\t\t\t\t\t\t\t\n\t\t\t<img decoding=\"async\" class=\"e-image-base \" data-interaction-id=\"0b2a3a8\" id=\"191\" src=\"http:\/\/www.erkanticaret.net\/wp-content\/uploads\/2026\/04\/cay.jpg\" width=\"150\" height=\"80\" srcset=\"\" alt=\"\" title=\"\">\n\t\t\t\t\t\t\t\t\n\t\t\t<img loading=\"lazy\" decoding=\"async\" class=\"e-image-base \" data-interaction-id=\"c3757cc\" id=\"188\" src=\"http:\/\/www.erkanticaret.net\/wp-content\/uploads\/2026\/04\/of.jpg\" width=\"150\" height=\"80\" srcset=\"\" alt=\"\" title=\"\">\n\t\t\t\t\t\t\t\t\n\t\t\t<img loading=\"lazy\" decoding=\"async\" class=\"e-image-base \" data-interaction-id=\"c161c97\" id=\"193\" src=\"http:\/\/www.erkanticaret.net\/wp-content\/uploads\/2026\/04\/dog.jpg\" width=\"150\" height=\"80\" srcset=\"\" alt=\"\" title=\"\">\n\t\t\t\t\t\t\t\t\n\t\t\t<img loading=\"lazy\" decoding=\"async\" class=\"e-image-base \" data-interaction-id=\"1515b68\" id=\"190\" src=\"http:\/\/www.erkanticaret.net\/wp-content\/uploads\/2026\/04\/asd.jpg\" width=\"150\" height=\"80\" srcset=\"\" alt=\"\" title=\"\">\n\t\t\t\t\t\t\t\t\n\t\t\t<img loading=\"lazy\" decoding=\"async\" class=\"e-image-base \" data-interaction-id=\"e03e7e2\" id=\"189\" src=\"http:\/\/www.erkanticaret.net\/wp-content\/uploads\/2026\/04\/zih.jpg\" width=\"150\" height=\"80\" srcset=\"\" alt=\"\" title=\"\">\n\t\t\t\t\t\t\t\t\n\t\t\t<img loading=\"lazy\" decoding=\"async\" class=\"e-image-base \" data-interaction-id=\"4ab088f\" id=\"196\" src=\"http:\/\/www.erkanticaret.net\/wp-content\/uploads\/2026\/04\/gu-1.jpg\" width=\"150\" height=\"80\" srcset=\"\" alt=\"\" title=\"\">\n\t\t\t\t\t\t\t\t\n\t\t\t<img loading=\"lazy\" decoding=\"async\" class=\"e-image-base \" data-interaction-id=\"8f357aa\" id=\"187\" src=\"http:\/\/www.erkanticaret.net\/wp-content\/uploads\/2026\/04\/nesses.jpg\" width=\"150\" height=\"80\" srcset=\"\" alt=\"\" title=\"\">\n\t\t\t\t\t\t\t\t\n\t\t\t<img loading=\"lazy\" decoding=\"async\" class=\"e-image-base \" data-interaction-id=\"1d43fd2\" id=\"184\" src=\"http:\/\/www.erkanticaret.net\/wp-content\/uploads\/2026\/04\/kara.jpg\" width=\"150\" height=\"80\" srcset=\"\" alt=\"\" title=\"\">\n\t\t\t\t\t\t<\/div>\n\t\t\t\t<\/div>\n\t\t<div class=\"elementor-element elementor-element-4a2df43 e-flex e-con-boxed e-con e-parent\" data-id=\"4a2df43\" data-element_type=\"container\" data-e-type=\"container\" data-settings=\"{&quot;background_background&quot;:&quot;classic&quot;}\">\n\t\t\t\t\t<div class=\"e-con-inner\">\n\t\t\t\t\t\t\t\t<p class=\"e-e0d9df2-db5c955 e-paragraph-base\" data-interaction-id=\"e0d9df2\"  >\n\t\t\t\t\t\t\t\t<br><br>Kozlu yem \u00e7e\u015fitlerini Erkan ticaret ma\u011fazam\u0131zda bulabilirsiniz.<br>Besi yemleri, s\u00fct yemleri, buza\u011f\u0131 b\u00fcy\u00fctme yemi . Tavuk i\u00e7in yumurta yemleri,<br>civciv yumurta yemleri.\n\t\t\t\t\t<\/p>\n\t\t<div class=\"elementor-element elementor-element-f0aee7c e-con-full e-flex e-con e-child\" data-id=\"f0aee7c\" data-element_type=\"container\" data-e-type=\"container\">\n\t\t\t\t\t\t\t\n\t\t\t<img loading=\"lazy\" decoding=\"async\" class=\"e-image-base e-7da76c6-be282c5\" data-interaction-id=\"7da76c6\" id=\"601\" src=\"http:\/\/www.erkanticaret.net\/wp-content\/uploads\/2026\/04\/pngwing.com-1.png\" width=\"700\" height=\"392\" srcset=\"http:\/\/www.erkanticaret.net\/wp-content\/uploads\/2026\/04\/pngwing.com-1.png 700w, http:\/\/www.erkanticaret.net\/wp-content\/uploads\/2026\/04\/pngwing.com-1-300x168.png 300w\" alt=\"\" title=\"\">\n\t\t\t\t\t<\/div>\n\t\t\t\t\t<\/div>\n\t\t\t\t<\/div>\n\t\t<div class=\"elementor-element elementor-element-0cc2717 e-grid e-con-boxed e-con e-parent\" data-id=\"0cc2717\" data-element_type=\"container\" data-e-type=\"container\">\n\t\t\t\t\t<div class=\"e-con-inner\">\n\t\t\t\t\t\t\t<h2 \n\t\tdata-interaction-id=\"46f84c2\" \n\t\tclass=\"e-heading-base\" \n\t\t \n\t\t\n\t>\n\t\n\t\t\tYem ve Un grubu\n\t\t<\/h2>\n\t\t\t\t\t<\/div>\n\t\t\t\t<\/div>\n\t\t<div class=\"elementor-element elementor-element-b3af6e8 e-flex e-con-boxed e-con e-parent\" data-id=\"b3af6e8\" data-element_type=\"container\" data-e-type=\"container\">\n\t\t\t\t\t<div class=\"e-con-inner\">\n\t\t\t\t\t\n<hr class=\"e-divider-base\" data-interaction-id=\"52cd01c\"   \/>\n\t\t\t\t\t<\/div>\n\t\t\t\t<\/div>\n\t\t<div class=\"elementor-element elementor-element-07ca517 e-grid e-con-boxed e-con e-parent\" data-id=\"07ca517\" data-element_type=\"container\" data-e-type=\"container\">\n\t\t\t\t\t<div class=\"e-con-inner\">\n\t\t\t\t\t\t\t\n\t\t\t<img loading=\"lazy\" decoding=\"async\" class=\"e-image-base \" data-interaction-id=\"6a954a7\" id=\"186\" src=\"http:\/\/www.erkanticaret.net\/wp-content\/uploads\/2026\/04\/mis.jpg\" width=\"150\" height=\"80\" srcset=\"\" alt=\"\" title=\"\">\n\t\t\t\t\t\t\t\t\n\t\t\t<img loading=\"lazy\" decoding=\"async\" class=\"e-image-base \" data-interaction-id=\"9a57092\" id=\"192\" src=\"http:\/\/www.erkanticaret.net\/wp-content\/uploads\/2026\/04\/dar.jpg\" width=\"150\" height=\"80\" srcset=\"\" alt=\"\" title=\"\">\n\t\t\t\t\t\t\t\t\n\t\t\t<img loading=\"lazy\" decoding=\"async\" class=\"e-image-base \" data-interaction-id=\"29fdb57\" id=\"185\" src=\"http:\/\/www.erkanticaret.net\/wp-content\/uploads\/2026\/04\/koz.jpg\" width=\"150\" height=\"80\" srcset=\"\" alt=\"\" title=\"\">\n\t\t\t\t\t\t<\/div>\n\t\t\t\t<\/div>\n\t\t<div class=\"elementor-element elementor-element-f5289a3 e-flex e-con-boxed e-con e-parent\" data-id=\"f5289a3\" data-element_type=\"container\" data-e-type=\"container\" data-settings=\"{&quot;background_background&quot;:&quot;classic&quot;}\">\n\t\t\t\t\t<div class=\"e-con-inner\">\n\t\t<div class=\"elementor-element elementor-element-2049ff1 e-con-full e-flex e-con e-child\" data-id=\"2049ff1\" data-element_type=\"container\" data-e-type=\"container\">\n\t\t<div class=\"elementor-element elementor-element-4149793 e-con-full e-flex e-con e-child\" data-id=\"4149793\" data-element_type=\"container\" data-e-type=\"container\">\n\t\t\t\t\t\t\t<h2 \n\t\tdata-interaction-id=\"761fcfc\" \n\t\tclass=\"e-761fcfc-12b7b74 e-heading-base\" \n\t\t \n\t\t\n\t>\n\t\n\t\t\tM\u0131s\u0131r unu\n\t\t<\/h2>\n\t\t\t\t<\/div>\n\t\t\t\t\t\t\t\t<p class=\"e-ed59127-b095027 e-paragraph-base\" data-interaction-id=\"ed59127\"  >\n\t\t\t\t\t\t\t\tKendimizin Ta\u015f de\u011firmende g\u00fcnl\u00fck olarak \u00f6\u011f\u00fctt\u00fc\u011f\u00fcm\u00fcz ve elenmi\u015f olarak haz\u0131rlad\u0131\u011f\u0131m\u0131z m\u0131s\u0131r un \u00e7e\u015fitleri ; sar\u0131, beyaz m\u0131s\u0131r unu ve f\u0131r\u0131nlanm\u0131\u015f m\u0131s\u0131r unlar\u0131n\u0131 sipari\u015f edebilirsiniz. <br>Kargoyla adrese telim olarak T\u00fcrkiye'nin her yerine g\u00f6nderiyoruz.\n\t\t\t\t\t<\/p>\n\t\t\t\t<\/div>\n\t\t<div class=\"elementor-element elementor-element-cc44903 e-con-full e-flex e-con e-child\" data-id=\"cc44903\" data-element_type=\"container\" data-e-type=\"container\">\n\t\t\t\t\t\t  \t<video\n    data-id=\"2a17804\" data-interaction-id=\"2a17804\"\n    data-e-type=\"e-self-hosted-video\" data-interactions=\"null\"\n    \n    class=\"e-self-hosted-video-base\"\n    \n\t\tclass=\"e-self-hosted-video-base\"\n\t\t\t\tautoplay\t\tmuted\t\tloop\t\t\t\t\t\tcontrolslist=\"nodownload\"\t\tpreload=\"metadata\"\n\t>\n\t\t<source src=\"http:\/\/www.erkanticaret.net\/wp-content\/uploads\/2026\/04\/DRTDFYT.mp4#t=0\">\n\t<\/video>\n\t\t\t\t<\/div>\n\t\t\t\t\t<\/div>\n\t\t\t\t<\/div>\n\t\t<div class=\"elementor-element elementor-element-df7e65f e-flex e-con-boxed e-con e-parent\" data-id=\"df7e65f\" data-element_type=\"container\" data-e-type=\"container\">\n\t\t\t\t\t<div class=\"e-con-inner\">\n\t\t\t\t\t\t\t<h2 \n\t\tdata-interaction-id=\"e66b5ad\" \n\t\tclass=\"e-heading-base\" \n\t\t \n\t\t\n\t>\n\t\n\t\t\tMA\u011eAZAMIZ VE \u0130LET\u0130\u015e\u0130M  B\u0130LG\u0130LER\u0130\n\t\t<\/h2>\n\t\t\t\t\t<\/div>\n\t\t\t\t<\/div>\n\t\t<div class=\"elementor-element elementor-element-e91c815 e-flex e-con-boxed e-con e-parent\" data-id=\"e91c815\" data-element_type=\"container\" data-e-type=\"container\">\n\t\t\t\t\t<div class=\"e-con-inner\">\n\t\t\t\t\t\n<hr class=\"e-divider-base\" data-interaction-id=\"293f4a8\"   \/>\n\t\t\t\t\t<\/div>\n\t\t\t\t<\/div>\n\t\t<div class=\"elementor-element elementor-element-580906c e-grid e-con-boxed e-con e-parent\" data-id=\"580906c\" data-element_type=\"container\" data-e-type=\"container\">\n\t\t\t\t\t<div class=\"e-con-inner\">\n\t\t\t\t<div class=\"elementor-element elementor-element-de97417 elementor-widget elementor-widget-google_maps\" data-id=\"de97417\" data-element_type=\"widget\" data-e-type=\"widget\" data-widget_type=\"google_maps.default\">\n\t\t\t\t\t\t\t<div class=\"elementor-custom-embed\">\n\t\t\t<iframe loading=\"lazy\"\n\t\t\t\t\tsrc=\"https:\/\/maps.google.com\/maps?q=T%C3%9CRK%C4%B0YE%20ARTV%C4%B0N%20ARHAV%C4%B0%20ERKAN%20T%C4%B0CAR&#038;t=m&#038;z=16&#038;output=embed&#038;iwloc=near\"\n\t\t\t\t\ttitle=\"T\u00dcRK\u0130YE ARTV\u0130N ARHAV\u0130 ERKAN T\u0130CAR\"\n\t\t\t\t\taria-label=\"T\u00dcRK\u0130YE ARTV\u0130N ARHAV\u0130 ERKAN T\u0130CAR\"\n\t\t\t><\/iframe>\n\t\t<\/div>\n\t\t\t\t\t\t<\/div>\n\t\t\t\t<div class=\"elementor-element elementor-element-2589a55 elementor-drop-cap-yes elementor-drop-cap-view-default elementor-widget elementor-widget-text-editor\" data-id=\"2589a55\" data-element_type=\"widget\" data-e-type=\"widget\" data-settings=\"{&quot;drop_cap&quot;:&quot;yes&quot;}\" data-widget_type=\"text-editor.default\">\n\t\t\t\t\t\t\t\t\t<h6><span style=\"font-size: 16px;\">\u00a0 \u00a0 \u00a0 <strong>\u00a0\u0130leti\u015fim Bilgilerimiz.<\/strong><\/span><\/h6><p><span style=\"font-size: 16px;\"><br \/>\u00a0 \u00a0 \u00a0 \u00a0 \u00a0 <img loading=\"lazy\" decoding=\"async\" class=\"wp-image-102 alignnone\" src=\"http:\/\/www.erkanticaret.net\/wp-content\/uploads\/2026\/04\/map-marker-300x300.png\" alt=\"\" width=\"27\" height=\"27\" title=\"\" srcset=\"http:\/\/www.erkanticaret.net\/wp-content\/uploads\/2026\/04\/map-marker-300x300.png 300w, http:\/\/www.erkanticaret.net\/wp-content\/uploads\/2026\/04\/map-marker-150x150.png 150w, http:\/\/www.erkanticaret.net\/wp-content\/uploads\/2026\/04\/map-marker.png 512w\" sizes=\"(max-width: 27px) 100vw, 27px\" \/>\u00a0 <strong>Adres<\/strong>:Musazade mahallesi .Atat\u00fcrk Caddesi \u00d6rnek 1 Sitesi\u00a0 \u00a0 \u00a0 \u00a0 \u00a0 \u00a0 \u00a0 \u00a0 \u00a0 \u00a0 \u00a0 \u00a0 \u00a0 \u00a0 \u00a0 \u00a0 \u00a0 \u00a0 \u00a0 \u00a0 \u00a0 \u00a0 \u00a0 \u00a0 \u00a0 \u00a0 \u00a0 \u00a0 \u00a0 \u00a0 \u00a0 \u00a0 \u00a0 \u00a0 \u00a0 \u00a0 \u00a0 \u00a0 \u00a0 \u00a0 \u00a0 \u00a0 \u00a0 \u00a0 \u00a0 \u00a0 \u00a0 \u00a0 \u00a0 \u00a0 \u00a0 \u00a0 \u00a0 \u00a0 \u00a0 \u00a0 \u00a0 \u00a0Arhavi\/ARTV\u0130N\u00a0\u00a0<\/span><\/p><p style=\"text-align: left;\">\u00a0 \u00a0 \u00a0 \u00a0 \u00a0 <img loading=\"lazy\" decoding=\"async\" class=\"wp-image-103 alignnone\" src=\"http:\/\/www.erkanticaret.net\/wp-content\/uploads\/2026\/04\/phone-call-2-300x300.png\" alt=\"\" width=\"20\" height=\"20\" title=\"\" srcset=\"http:\/\/www.erkanticaret.net\/wp-content\/uploads\/2026\/04\/phone-call-2-300x300.png 300w, http:\/\/www.erkanticaret.net\/wp-content\/uploads\/2026\/04\/phone-call-2-150x150.png 150w, http:\/\/www.erkanticaret.net\/wp-content\/uploads\/2026\/04\/phone-call-2.png 512w\" sizes=\"(max-width: 20px) 100vw, 20px\" \/> Telefon : 0 (466)\u00a0 312 37 47<br \/>\u00a0 \u00a0 \u00a0 \u00a0 \u00a0 \u00a0 \u00a0 \u00a0 \u00a0 \u00a0 \u00a0 \u00a0 0 (535) 459\u00a0 94 35<\/p><p style=\"text-align: left;\">\u00a0 \u00a0 \u00a0 \u00a0 \u00a0 <img loading=\"lazy\" decoding=\"async\" class=\"alignnone wp-image-104\" src=\"http:\/\/www.erkanticaret.net\/wp-content\/uploads\/2026\/04\/envelope-1-300x300.png\" alt=\"\" width=\"20\" height=\"20\" title=\"\" srcset=\"http:\/\/www.erkanticaret.net\/wp-content\/uploads\/2026\/04\/envelope-1-300x300.png 300w, http:\/\/www.erkanticaret.net\/wp-content\/uploads\/2026\/04\/envelope-1-150x150.png 150w, http:\/\/www.erkanticaret.net\/wp-content\/uploads\/2026\/04\/envelope-1.png 512w\" sizes=\"(max-width: 20px) 100vw, 20px\" \/>\u00a0 E-mail : info@erkanticaret.net<\/p>\t\t\t\t\t\t\t\t<\/div>\n\t\t\t\t\t<\/div>\n\t\t\t\t<\/div>\n\t\t<div class=\"elementor-element elementor-element-fade8dc e-flex e-con-boxed e-con e-parent\" data-id=\"fade8dc\" data-element_type=\"container\" data-e-type=\"container\">\n\t\t\t\t\t<div class=\"e-con-inner\">\n\t\t\t\t\t\n<hr class=\"e-divider-base\" data-interaction-id=\"490651e\"   \/>\n\t\t\t\t\t<\/div>\n\t\t\t\t<\/div>\n\t\t\t\t<div class=\"elementor-element elementor-element-b34dd59 e-con e-atomic-element e-flexbox-base\" data-id=\"b34dd59\" data-element_type=\"e-flexbox\" data-e-type=\"e-flexbox\" data-interaction-id=\"b34dd59\">\n\t\t\t\t\t\n<hr class=\"e-divider-base\" data-interaction-id=\"ac5ce53\"   \/>\n\t\t\t\t<\/div>\n\t\t\t\t<\/div>\n\t\t","protected":false},"excerpt":{"rendered":"<p>&#8220;Huzurla Demlenen Bir \u00c7ay,mutluluk verir&#8221; Farkl\u0131&nbsp; bir\u00e7ok markan\u0131n \u00e7aylar\u0131n\u0131 ma\u011fazam\u0131zda bulabilir , hediyelik \u00e7ay \u00e7e\u015fitleriyle sevdiklerinizi sevindirebilirsiniz \u00c7ay Grubu&nbsp; Kozlu [&hellip;]<\/p>\n","protected":false},"author":1,"featured_media":0,"parent":0,"menu_order":0,"comment_status":"closed","ping_status":"closed","template":"","meta":{"site-sidebar-layout":"no-sidebar","site-content-layout":"plain-container","ast-site-content-layout":"full-width-container","site-content-style":"default","site-sidebar-style":"default","ast-global-header-display":"","ast-banner-title-visibility":"","ast-main-header-display":"","ast-hfb-above-header-display":"","ast-hfb-below-header-display":"","ast-hfb-mobile-header-display":"","site-post-title":"disabled","ast-breadcrumbs-content":"","ast-featured-img":"disabled","footer-sml-layout":"","ast-disable-related-posts":"","theme-transparent-header-meta":"enabled","adv-header-id-meta":"","stick-header-meta":"","header-above-stick-meta":"","header-main-stick-meta":"","header-below-stick-meta":"","astra-migrate-meta-layouts":"default","ast-page-background-enabled":"default","ast-page-background-meta":{"desktop":{"background-color":"var(--ast-global-color-5)","background-image":"","background-repeat":"repeat","background-position":"center center","background-size":"auto","background-attachment":"scroll","background-type":"","background-media":"","overlay-type":"","overlay-color":"","overlay-opacity":"","overlay-gradient":""},"tablet":{"background-color":"","background-image":"","background-repeat":"repeat","background-position":"center center","background-size":"auto","background-attachment":"scroll","background-type":"","background-media":"","overlay-type":"","overlay-color":"","overlay-opacity":"","overlay-gradient":""},"mobile":{"background-color":"","background-image":"","background-repeat":"repeat","background-position":"center center","background-size":"auto","background-attachment":"scroll","background-type":"","background-media":"","overlay-type":"","overlay-color":"","overlay-opacity":"","overlay-gradient":""}},"ast-content-background-meta":{"desktop":{"background-color":"var(--ast-global-color-4)","background-image":"","background-repeat":"repeat","background-position":"center center","background-size":"auto","background-attachment":"scroll","background-type":"","background-media":"","overlay-type":"","overlay-color":"","overlay-opacity":"","overlay-gradient":""},"tablet":{"background-color":"var(--ast-global-color-4)","background-image":"","background-repeat":"repeat","background-position":"center center","background-size":"auto","background-attachment":"scroll","background-type":"","background-media":"","overlay-type":"","overlay-color":"","overlay-opacity":"","overlay-gradient":""},"mobile":{"background-color":"var(--ast-global-color-4)","background-image":"","background-repeat":"repeat","background-position":"center center","background-size":"auto","background-attachment":"scroll","background-type":"","background-media":"","overlay-type":"","overlay-color":"","overlay-opacity":"","overlay-gradient":""}},"footnotes":""},"class_list":["post-16","page","type-page","status-publish","hentry"],"_links":{"self":[{"href":"http:\/\/www.erkanticaret.net\/index.php?rest_route=\/wp\/v2\/pages\/16","targetHints":{"allow":["GET"]}}],"collection":[{"href":"http:\/\/www.erkanticaret.net\/index.php?rest_route=\/wp\/v2\/pages"}],"about":[{"href":"http:\/\/www.erkanticaret.net\/index.php?rest_route=\/wp\/v2\/types\/page"}],"author":[{"embeddable":true,"href":"http:\/\/www.erkanticaret.net\/index.php?rest_route=\/wp\/v2\/users\/1"}],"replies":[{"embeddable":true,"href":"http:\/\/www.erkanticaret.net\/index.php?rest_route=%2Fwp%2Fv2%2Fcomments&post=16"}],"version-history":[{"count":222,"href":"http:\/\/www.erkanticaret.net\/index.php?rest_route=\/wp\/v2\/pages\/16\/revisions"}],"predecessor-version":[{"id":720,"href":"http:\/\/www.erkanticaret.net\/index.php?rest_route=\/wp\/v2\/pages\/16\/revisions\/720"}],"wp:attachment":[{"href":"http:\/\/www.erkanticaret.net\/index.php?rest_route=%2Fwp%2Fv2%2Fmedia&parent=16"}],"curies":[{"name":"wp","href":"https:\/\/api.w.org\/{rel}","templated":true}]}}