{"id":374,"date":"2026-04-28T08:37:38","date_gmt":"2026-04-28T08:37:38","guid":{"rendered":"http:\/\/www.erkanticaret.net\/?page_id=374"},"modified":"2026-04-28T21:39:04","modified_gmt":"2026-04-28T21:39:04","slug":"urunlerimiz","status":"publish","type":"page","link":"http:\/\/www.erkanticaret.net\/?page_id=374","title":{"rendered":"\u00dcr\u00fcnlerimiz"},"content":{"rendered":"\t\t<div data-elementor-type=\"wp-page\" data-elementor-id=\"374\" class=\"elementor elementor-374\">\n\t\t\t\t<div class=\"elementor-element elementor-element-7b7449b e-grid e-con-boxed e-con e-parent\" data-id=\"7b7449b\" data-element_type=\"container\" data-e-type=\"container\">\n\t\t\t\t\t<div class=\"e-con-inner\">\n\t\t\t\t\t\t\t<h1 \n\t\tdata-interaction-id=\"75fb67b\" \n\t\tclass=\"e-75fb67b-34b37ba e-heading-base\" \n\t\t \n\t\t\n\t>\n\t\n\t\t\t\u00c7ay \u00fcr\u00fcnleri\n\t\t<\/h1>\n\t\t\t\t\t\t\t\t<p class=\"e-paragraph-base\" data-interaction-id=\"e2a3dd5\"  >\n\t\t\t\t\t\t\t\tHediyelik \u00c7ay \u00e7e\u015fitlerimiz...<br>\u00c7aykur, Of\u00e7ay , Do\u011fu\u015f \u00c7ay&nbsp; ve di\u011fer \u00e7ay markalar\u0131n\u0131n \u00e7aylar\u0131n\u0131 tedarik edebilirsiniz.<br> Kargoyla T\u00fcrkiye'nin her yerine adresinize teslim g\u00f6nderi.\n\t\t\t\t\t<\/p>\n\t\t\t\t\t<\/div>\n\t\t\t\t<\/div>\n\t\t<div class=\"elementor-element elementor-element-7fe2c09 e-flex e-con-boxed e-con e-parent\" data-id=\"7fe2c09\" data-element_type=\"container\" data-e-type=\"container\">\n\t\t\t\t\t<div class=\"e-con-inner\">\n\t\t<div class=\"elementor-element elementor-element-5ecfd5a e-con-full e-flex elementor-invisible e-con e-child\" data-id=\"5ecfd5a\" data-element_type=\"container\" data-e-type=\"container\" data-settings=\"{&quot;animation&quot;:&quot;zoomIn&quot;}\">\n\t\t\t\t\t\t\t\n\t\t\t<img fetchpriority=\"high\" decoding=\"async\" class=\"e-image-base \" data-interaction-id=\"8e3a310\" id=\"513\" src=\"http:\/\/www.erkanticaret.net\/wp-content\/uploads\/2026\/04\/menu-basligi.jpg\" width=\"309\" height=\"404\" srcset=\"http:\/\/www.erkanticaret.net\/wp-content\/uploads\/2026\/04\/menu-basligi.jpg 309w, http:\/\/www.erkanticaret.net\/wp-content\/uploads\/2026\/04\/menu-basligi-229x300.jpg 229w\" alt=\"\" title=\"\">\n\t\t\t\t\t<\/div>\n\t\t<div class=\"elementor-element elementor-element-73e4066 e-con-full e-flex e-con e-child\" data-id=\"73e4066\" data-element_type=\"container\" data-e-type=\"container\">\n\t\t\t\t\t    \t            <a\n            href=\"http:\/\/www.erkanticaret.net\/?page_id=399\" target=\"_self\"\n            class=\"e-ce83aab-7bef2ae e-button-base\"\n            data-interaction-id=\"ce83aab\"\n             \n        >\n            \u00dcr\u00fcnler i\u00e7in T\u0131kla\n        <\/a>\n    \t\t\t\t<\/div>\n\t\t\t\t\t<\/div>\n\t\t\t\t<\/div>\n\t\t\t\t<div class=\"elementor-element elementor-element-694f1af e-con e-atomic-element e-flexbox-base\" data-id=\"694f1af\" data-element_type=\"e-flexbox\" data-e-type=\"e-flexbox\" data-interaction-id=\"694f1af\">\n\t\t\t\t\t\n<hr class=\"e-divider-base\" data-interaction-id=\"d54af42\"   \/>\n\t\t\t\t<\/div>\n\t\t\t\t<div class=\"elementor-element elementor-element-c13ec75 e-con e-atomic-element e-flexbox-base\" data-id=\"c13ec75\" data-element_type=\"e-flexbox\" data-e-type=\"e-flexbox\" data-interaction-id=\"c13ec75\">\n\t\t\t\t\t\n<hr class=\"e-divider-base\" data-interaction-id=\"a832c87\"   \/>\n\t\t\t\t<\/div>\n\t\t\t\t<div class=\"elementor-element elementor-element-0142d2b e-con e-atomic-element e-flexbox-base\" data-id=\"0142d2b\" data-element_type=\"e-flexbox\" data-e-type=\"e-flexbox\" data-interaction-id=\"0142d2b\">\n\t\t\t\t\t\n<hr class=\"e-divider-base\" data-interaction-id=\"7fdd256\"   \/>\n\t\t\t\t<\/div>\n\t\t<div class=\"elementor-element elementor-element-0309fa1 e-flex e-con-boxed e-con e-parent\" data-id=\"0309fa1\" data-element_type=\"container\" data-e-type=\"container\">\n\t\t\t\t\t<div class=\"e-con-inner\">\n\t\t<div class=\"elementor-element elementor-element-f42390a e-con-full e-flex e-con e-child\" data-id=\"f42390a\" data-element_type=\"container\" data-e-type=\"container\">\n\t\t\t\t\t\t\t<h1 \n\t\tdata-interaction-id=\"9892adc\" \n\t\tclass=\"e-9892adc-d0ee3a7 e-heading-base\" \n\t\t \n\t\t\n\t>\n\t\n\t\t\tUnlar\n\t\t<\/h1>\n\t\t\t\t\t\t\t\t<p class=\"e-paragraph-base\" data-interaction-id=\"a12b4be\"  >\n\t\t\t\t\t\t\t\tM\u0131s\u0131r unu ve bu\u011fday unu \u00e7e\u015fitlerimiz.<br>G\u00fcnl\u00fck \u00d6\u011f\u00fct\u00fclm\u00fc\u015f ve Elenmi\u015f&nbsp; Sar\u0131 M\u0131s\u0131r Unu, Beyaz M\u0131s\u0131r unu ve F\u0131r\u0131nlanm\u0131\u015f M\u0131s\u0131r unu \u00e7e\u015fitlerimiz bulunmaktad\u0131r.\n\t\t\t\t\t<\/p>\n\t\t\t\t<\/div>\n\t\t<div class=\"elementor-element elementor-element-9278914 e-con-full e-flex elementor-invisible e-con e-child\" data-id=\"9278914\" data-element_type=\"container\" data-e-type=\"container\" data-settings=\"{&quot;animation&quot;:&quot;zoomIn&quot;}\">\n\t\t\t\t\t\t\t\n\t\t\t<img decoding=\"async\" class=\"e-image-base \" data-interaction-id=\"e378a5f\" id=\"514\" src=\"http:\/\/www.erkanticaret.net\/wp-content\/uploads\/2026\/04\/un.jpg\" width=\"309\" height=\"404\" srcset=\"http:\/\/www.erkanticaret.net\/wp-content\/uploads\/2026\/04\/un.jpg 309w, http:\/\/www.erkanticaret.net\/wp-content\/uploads\/2026\/04\/un-229x300.jpg 229w\" alt=\"\" title=\"\">\n\t\t\t\t\t<\/div>\n\t\t<div class=\"elementor-element elementor-element-9b49460 e-con-full e-flex e-con e-child\" data-id=\"9b49460\" data-element_type=\"container\" data-e-type=\"container\">\n\t\t\t\t\t    \t            <a\n            href=\"http:\/\/www.erkanticaret.net\/?page_id=529\" target=\"_self\"\n            class=\"e-b777c1f-95bd972 e-button-base\"\n            data-interaction-id=\"b777c1f\"\n             \n        >\n            \u00dcr\u00fcnler i\u00e7in T\u0131kla\n        <\/a>\n    \t\t\t\t<\/div>\n\t\t\t\t\t<\/div>\n\t\t\t\t<\/div>\n\t\t\t\t<\/div>\n\t\t","protected":false},"excerpt":{"rendered":"<p>\u00c7ay \u00fcr\u00fcnleri Hediyelik \u00c7ay \u00e7e\u015fitlerimiz&#8230;\u00c7aykur, Of\u00e7ay , Do\u011fu\u015f \u00c7ay&nbsp; ve di\u011fer \u00e7ay markalar\u0131n\u0131n \u00e7aylar\u0131n\u0131 tedarik edebilirsiniz. Kargoyla T\u00fcrkiye&#8217;nin her yerine [&hellip;]<\/p>\n","protected":false},"author":1,"featured_media":0,"parent":0,"menu_order":3,"comment_status":"closed","ping_status":"closed","template":"","meta":{"site-sidebar-layout":"no-sidebar","site-content-layout":"","ast-site-content-layout":"full-width-container","site-content-style":"default","site-sidebar-style":"default","ast-global-header-display":"","ast-banner-title-visibility":"","ast-main-header-display":"","ast-hfb-above-header-display":"","ast-hfb-below-header-display":"","ast-hfb-mobile-header-display":"","site-post-title":"disabled","ast-breadcrumbs-content":"","ast-featured-img":"disabled","footer-sml-layout":"","ast-disable-related-posts":"","theme-transparent-header-meta":"","adv-header-id-meta":"","stick-header-meta":"","header-above-stick-meta":"","header-main-stick-meta":"","header-below-stick-meta":"","astra-migrate-meta-layouts":"default","ast-page-background-enabled":"default","ast-page-background-meta":{"desktop":{"background-color":"var(--ast-global-color-5)","background-image":"","background-repeat":"repeat","background-position":"center center","background-size":"auto","background-attachment":"scroll","background-type":"","background-media":"","overlay-type":"","overlay-color":"","overlay-opacity":"","overlay-gradient":""},"tablet":{"background-color":"","background-image":"","background-repeat":"repeat","background-position":"center center","background-size":"auto","background-attachment":"scroll","background-type":"","background-media":"","overlay-type":"","overlay-color":"","overlay-opacity":"","overlay-gradient":""},"mobile":{"background-color":"","background-image":"","background-repeat":"repeat","background-position":"center center","background-size":"auto","background-attachment":"scroll","background-type":"","background-media":"","overlay-type":"","overlay-color":"","overlay-opacity":"","overlay-gradient":""}},"ast-content-background-meta":{"desktop":{"background-color":"var(--ast-global-color-4)","background-image":"","background-repeat":"repeat","background-position":"center center","background-size":"auto","background-attachment":"scroll","background-type":"","background-media":"","overlay-type":"","overlay-color":"","overlay-opacity":"","overlay-gradient":""},"tablet":{"background-color":"var(--ast-global-color-4)","background-image":"","background-repeat":"repeat","background-position":"center center","background-size":"auto","background-attachment":"scroll","background-type":"","background-media":"","overlay-type":"","overlay-color":"","overlay-opacity":"","overlay-gradient":""},"mobile":{"background-color":"var(--ast-global-color-4)","background-image":"","background-repeat":"repeat","background-position":"center center","background-size":"auto","background-attachment":"scroll","background-type":"","background-media":"","overlay-type":"","overlay-color":"","overlay-opacity":"","overlay-gradient":""}},"footnotes":""},"class_list":["post-374","page","type-page","status-publish","hentry"],"_links":{"self":[{"href":"http:\/\/www.erkanticaret.net\/index.php?rest_route=\/wp\/v2\/pages\/374","targetHints":{"allow":["GET"]}}],"collection":[{"href":"http:\/\/www.erkanticaret.net\/index.php?rest_route=\/wp\/v2\/pages"}],"about":[{"href":"http:\/\/www.erkanticaret.net\/index.php?rest_route=\/wp\/v2\/types\/page"}],"author":[{"embeddable":true,"href":"http:\/\/www.erkanticaret.net\/index.php?rest_route=\/wp\/v2\/users\/1"}],"replies":[{"embeddable":true,"href":"http:\/\/www.erkanticaret.net\/index.php?rest_route=%2Fwp%2Fv2%2Fcomments&post=374"}],"version-history":[{"count":39,"href":"http:\/\/www.erkanticaret.net\/index.php?rest_route=\/wp\/v2\/pages\/374\/revisions"}],"predecessor-version":[{"id":554,"href":"http:\/\/www.erkanticaret.net\/index.php?rest_route=\/wp\/v2\/pages\/374\/revisions\/554"}],"wp:attachment":[{"href":"http:\/\/www.erkanticaret.net\/index.php?rest_route=%2Fwp%2Fv2%2Fmedia&parent=374"}],"curies":[{"name":"wp","href":"https:\/\/api.w.org\/{rel}","templated":true}]}}