{"id":399,"date":"2026-04-28T10:02:18","date_gmt":"2026-04-28T10:02:18","guid":{"rendered":"http:\/\/www.erkanticaret.net\/?page_id=399"},"modified":"2026-04-30T14:46:28","modified_gmt":"2026-04-30T14:46:28","slug":"caylar","status":"publish","type":"page","link":"http:\/\/www.erkanticaret.net\/?page_id=399","title":{"rendered":"\u00c7aylar"},"content":{"rendered":"\t\t<div data-elementor-type=\"wp-page\" data-elementor-id=\"399\" class=\"elementor elementor-399\">\n\t\t\t\t<div class=\"elementor-element elementor-element-24e84dc e-flex e-con-boxed e-con e-parent\" data-id=\"24e84dc\" data-element_type=\"container\" data-e-type=\"container\">\n\t\t\t\t\t<div class=\"e-con-inner\">\n\t\t\t\t<div class=\"elementor-element elementor-element-e82186d e-con e-atomic-element e-div-block-base\" data-id=\"e82186d\" data-element_type=\"e-div-block\" data-e-type=\"e-div-block\" data-interaction-id=\"e82186d\">\n\t\t\t\t\t\t\t<h2 \n\t\tdata-interaction-id=\"65c8a68\" \n\t\tclass=\"e-heading-base\" \n\t\t \n\t\t\n\t>\n\t\n\t\t\t\u00c7ay \u00c7e\u015fitleri<br>\n\t\t<\/h2>\n\t\t\t\t\t\t\t\t<p class=\"e-3516709-3c51b45 e-paragraph-base\" data-interaction-id=\"3516709\"  >\n\t\t\t\t\t\t\t\t Fiyat bilgisi i\u00e7in bizimle ileti\u015fime ge\u00e7ebilirsiniz . Sipari\u015f vermek i\u00e7in Hepsiburada veya Trendyol ma\u011fazam\u0131z\u0131 ziyaret edebilirsiniz.\n\t\t\t\t\t<\/p>\n\t\t\t\t\t\t\t\t<p class=\"e-paragraph-base\" data-interaction-id=\"7b1a470\"  >\n\t\t\t\t\t\t\t\tG\u00f6rseller Bilgilendirme ama\u00e7l\u0131d\u0131r.\n\t\t\t\t\t<\/p>\n\t\t\t\t<\/div>\n\t\t\t\t\t<\/div>\n\t\t\t\t<\/div>\n\t\t<div class=\"elementor-element elementor-element-62a2f9f e-flex e-con-boxed e-con e-parent\" data-id=\"62a2f9f\" data-element_type=\"container\" data-e-type=\"container\">\n\t\t\t\t\t<div class=\"e-con-inner\">\n\t\t\t\t\t\n<hr class=\"e-31e44d1-381e772 e-divider-base\" data-interaction-id=\"31e44d1\"   \/>\n\t\t\t\t\t<\/div>\n\t\t\t\t<\/div>\n\t\t<div class=\"elementor-element elementor-element-f7aacdc e-flex e-con-boxed e-con e-parent\" data-id=\"f7aacdc\" data-element_type=\"container\" data-e-type=\"container\">\n\t\t\t\t\t<div class=\"e-con-inner\">\n\t\t\t\t\t\t\t<h4 \n\t\tdata-interaction-id=\"37933cb\" \n\t\tclass=\"e-37933cb-87d11c4 e-heading-base\" \n\t\t \n\t\t\n\t>\n\t\n\t\t\t\u00c7aykur \u00c7aylar\u0131\n\t\t<\/h4>\n\t\t\t\t\t<\/div>\n\t\t\t\t<\/div>\n\t\t<div class=\"elementor-element elementor-element-826bcfa e-flex e-con-boxed e-con e-parent\" data-id=\"826bcfa\" data-element_type=\"container\" data-e-type=\"container\">\n\t\t\t\t\t<div class=\"e-con-inner\">\n\t\t<div class=\"elementor-element elementor-element-2a52ff7 e-con-full e-flex elementor-invisible e-con e-child\" data-id=\"2a52ff7\" data-element_type=\"container\" data-e-type=\"container\" data-settings=\"{&quot;animation&quot;:&quot;zoomIn&quot;}\">\n\t\t\t\t\t\t\t\n\t\t\t<img fetchpriority=\"high\" decoding=\"async\" class=\"e-image-base e-62c1f46-3d4a921\" data-interaction-id=\"62c1f46\" id=\"467\" src=\"http:\/\/www.erkanticaret.net\/wp-content\/uploads\/2026\/04\/caykur-_altinbas.jpg\" width=\"250\" height=\"350\" srcset=\"http:\/\/www.erkanticaret.net\/wp-content\/uploads\/2026\/04\/caykur-_altinbas.jpg 250w, http:\/\/www.erkanticaret.net\/wp-content\/uploads\/2026\/04\/caykur-_altinbas-214x300.jpg 214w\" alt=\"\" title=\"\">\n\t\t\t\t\t\t\t\t\t<p class=\"e-8692998-610cf8e e-paragraph-base\" data-interaction-id=\"8692998\"  >\n\t\t\t\t\t\t\t\t\u00c7aykur Alt\u0131nba\u015f 500 gr\n\t\t\t\t\t<\/p>\n\t\t\t\t<\/div>\n\t\t<div class=\"elementor-element elementor-element-2291a2f e-con-full e-flex elementor-invisible e-con e-child\" data-id=\"2291a2f\" data-element_type=\"container\" data-e-type=\"container\" data-settings=\"{&quot;animation&quot;:&quot;zoomIn&quot;}\">\n\t\t\t\t\t\t\t\n\t\t\t<img decoding=\"async\" class=\"e-image-base e-3c89d59-a594afd\" data-interaction-id=\"3c89d59\" id=\"468\" src=\"http:\/\/www.erkanticaret.net\/wp-content\/uploads\/2026\/04\/caykur_tiryaki500gr.jpg\" width=\"250\" height=\"350\" srcset=\"http:\/\/www.erkanticaret.net\/wp-content\/uploads\/2026\/04\/caykur_tiryaki500gr.jpg 250w, http:\/\/www.erkanticaret.net\/wp-content\/uploads\/2026\/04\/caykur_tiryaki500gr-214x300.jpg 214w\" alt=\"\" title=\"\">\n\t\t\t\t\t\t\t\t\t<p class=\"e-paragraph-base\" data-interaction-id=\"0454320\"  >\n\t\t\t\t\t\t\t\t\u00c7aykur Tiryaki 500 gr\n\t\t\t\t\t<\/p>\n\t\t\t\t<\/div>\n\t\t<div class=\"elementor-element elementor-element-7134189 e-con-full e-flex elementor-invisible e-con e-child\" data-id=\"7134189\" data-element_type=\"container\" data-e-type=\"container\" data-settings=\"{&quot;animation&quot;:&quot;zoomIn&quot;}\">\n\t\t\t\t\t\t\t\n\t\t\t<img decoding=\"async\" class=\"e-image-base e-53e62f3-26c39ba\" data-interaction-id=\"53e62f3\" id=\"470\" src=\"http:\/\/www.erkanticaret.net\/wp-content\/uploads\/2026\/04\/Basliksiz-2-1.jpg\" width=\"250\" height=\"350\" srcset=\"http:\/\/www.erkanticaret.net\/wp-content\/uploads\/2026\/04\/Basliksiz-2-1.jpg 250w, http:\/\/www.erkanticaret.net\/wp-content\/uploads\/2026\/04\/Basliksiz-2-1-214x300.jpg 214w\" alt=\"\" title=\"\">\n\t\t\t\t\t\t\t\t\t<p class=\"e-paragraph-base\" data-interaction-id=\"b3d32a1\"  >\n\t\t\t\t\t\t\t\t\u00c7aykur Organik Hem\u015fin \u00c7ay\u0131 400 gr\n\t\t\t\t\t<\/p>\n\t\t\t\t<\/div>\n\t\t<div class=\"elementor-element elementor-element-2dc445b e-con-full e-flex elementor-invisible e-con e-child\" data-id=\"2dc445b\" data-element_type=\"container\" data-e-type=\"container\" data-settings=\"{&quot;animation&quot;:&quot;zoomIn&quot;}\">\n\t\t\t\t\t\t\t\n\t\t\t<img loading=\"lazy\" decoding=\"async\" class=\"e-image-base e-e852384-f776875\" data-interaction-id=\"e852384\" id=\"471\" src=\"http:\/\/www.erkanticaret.net\/wp-content\/uploads\/2026\/04\/tirebolu42.jpg\" width=\"250\" height=\"350\" srcset=\"http:\/\/www.erkanticaret.net\/wp-content\/uploads\/2026\/04\/tirebolu42.jpg 250w, http:\/\/www.erkanticaret.net\/wp-content\/uploads\/2026\/04\/tirebolu42-214x300.jpg 214w\" alt=\"\" title=\"\">\n\t\t\t\t\t\t\t\t\t<p class=\"e-paragraph-base\" data-interaction-id=\"c1adcb1\"  >\n\t\t\t\t\t\t\t\t\u00c7aykur 42 no'lu Tirebolu \u00c7ay\u0131 500 gr\n\t\t\t\t\t<\/p>\n\t\t\t\t<\/div>\n\t\t<div class=\"elementor-element elementor-element-ab744fd e-con-full e-flex elementor-invisible e-con e-child\" data-id=\"ab744fd\" data-element_type=\"container\" data-e-type=\"container\" data-settings=\"{&quot;animation&quot;:&quot;zoomIn&quot;}\">\n\t\t\t\t\t\t\t\n\t\t\t<img loading=\"lazy\" decoding=\"async\" class=\"e-image-base e-8e5f9d3-2dd1420\" data-interaction-id=\"8e5f9d3\" id=\"469\" src=\"http:\/\/www.erkanticaret.net\/wp-content\/uploads\/2026\/04\/caykur_tiryaki100gr.jpg\" width=\"250\" height=\"350\" srcset=\"http:\/\/www.erkanticaret.net\/wp-content\/uploads\/2026\/04\/caykur_tiryaki100gr.jpg 250w, http:\/\/www.erkanticaret.net\/wp-content\/uploads\/2026\/04\/caykur_tiryaki100gr-214x300.jpg 214w\" alt=\"\" title=\"\">\n\t\t\t\t\t\t\t\t\t<p class=\"e-paragraph-base\" data-interaction-id=\"c4b2bae\"  >\n\t\t\t\t\t\t\t\t\u00c7aykur Tiryaki \u00c7ay\u0131 1000gr\n\t\t\t\t\t<\/p>\n\t\t\t\t<\/div>\n\t\t<div class=\"elementor-element elementor-element-a11bd44 e-con-full e-flex elementor-invisible e-con e-child\" data-id=\"a11bd44\" data-element_type=\"container\" data-e-type=\"container\" data-settings=\"{&quot;animation&quot;:&quot;zoomIn&quot;}\">\n\t\t\t\t\t\t\t\n\t\t\t<img loading=\"lazy\" decoding=\"async\" class=\"e-image-base e-3cffe75-df4ab23\" data-interaction-id=\"3cffe75\" id=\"472\" src=\"http:\/\/www.erkanticaret.net\/wp-content\/uploads\/2026\/04\/rize-hediyelik-cay-1.jpg\" width=\"250\" height=\"350\" srcset=\"http:\/\/www.erkanticaret.net\/wp-content\/uploads\/2026\/04\/rize-hediyelik-cay-1.jpg 250w, http:\/\/www.erkanticaret.net\/wp-content\/uploads\/2026\/04\/rize-hediyelik-cay-1-214x300.jpg 214w\" alt=\"\" title=\"\">\n\t\t\t\t\t\t\t\t\t<p class=\"e-paragraph-base\" data-interaction-id=\"e352da1\"  >\n\t\t\t\t\t\t\t\t\u00c7aykur Rize \u00c7ay\u0131 Hediyelik 500 gr\n\t\t\t\t\t<\/p>\n\t\t\t\t<\/div>\n\t\t\t\t\t<\/div>\n\t\t\t\t<\/div>\n\t\t<div class=\"elementor-element elementor-element-6fe4754 e-flex e-con-boxed e-con e-parent\" data-id=\"6fe4754\" data-element_type=\"container\" data-e-type=\"container\">\n\t\t\t\t\t<div class=\"e-con-inner\">\n\t\t\t\t\t\n<hr class=\"e-6ee1182-0009660 e-divider-base\" data-interaction-id=\"6ee1182\"   \/>\n\t\t\t\t\t<\/div>\n\t\t\t\t<\/div>\n\t\t<div class=\"elementor-element elementor-element-c4827d7 e-flex e-con-boxed e-con e-parent\" data-id=\"c4827d7\" data-element_type=\"container\" data-e-type=\"container\">\n\t\t\t\t\t<div class=\"e-con-inner\">\n\t\t\t\t\t\t\t<h4 \n\t\tdata-interaction-id=\"dc3831d\" \n\t\tclass=\"e-dc3831d-b3c7bdb e-heading-base\" \n\t\t \n\t\t\n\t>\n\t\n\t\t\tDi\u011fer \u00c7ay Markalar\u0131\n\t\t<\/h4>\n\t\t\t\t\t<\/div>\n\t\t\t\t<\/div>\n\t\t<div class=\"elementor-element elementor-element-e24bed8 e-flex e-con-boxed e-con e-parent\" data-id=\"e24bed8\" data-element_type=\"container\" data-e-type=\"container\">\n\t\t\t\t\t<div class=\"e-con-inner\">\n\t\t<div class=\"elementor-element elementor-element-97aee73 e-con-full e-flex elementor-invisible e-con e-child\" data-id=\"97aee73\" data-element_type=\"container\" data-e-type=\"container\" data-settings=\"{&quot;animation&quot;:&quot;zoomIn&quot;}\">\n\t\t\t\t\t\t\t\n\t\t\t<img loading=\"lazy\" decoding=\"async\" class=\"e-image-base e-9ed3d1c-545b8b1\" data-interaction-id=\"9ed3d1c\" id=\"487\" src=\"http:\/\/www.erkanticaret.net\/wp-content\/uploads\/2026\/04\/ofcay_efsane1000gr.jpg\" width=\"250\" height=\"350\" srcset=\"http:\/\/www.erkanticaret.net\/wp-content\/uploads\/2026\/04\/ofcay_efsane1000gr.jpg 250w, http:\/\/www.erkanticaret.net\/wp-content\/uploads\/2026\/04\/ofcay_efsane1000gr-214x300.jpg 214w\" alt=\"\" title=\"\">\n\t\t\t\t\t\t\t\t\t<p class=\"e-4370e28-ee576dc e-paragraph-base\" data-interaction-id=\"4370e28\"  >\n\t\t\t\t\t\t\t\tOf\u00e7ay efsane 1000 gr\n\t\t\t\t\t<\/p>\n\t\t\t\t<\/div>\n\t\t<div class=\"elementor-element elementor-element-18628d0 e-con-full e-flex elementor-invisible e-con e-child\" data-id=\"18628d0\" data-element_type=\"container\" data-e-type=\"container\" data-settings=\"{&quot;animation&quot;:&quot;zoomIn&quot;}\">\n\t\t\t\t\t\t\t\n\t\t\t<img loading=\"lazy\" decoding=\"async\" class=\"e-image-base e-e2f4722-2e523d1\" data-interaction-id=\"e2f4722\" id=\"483\" src=\"http:\/\/www.erkanticaret.net\/wp-content\/uploads\/2026\/04\/ofcay_hazine1000gr.jpg\" width=\"250\" height=\"350\" srcset=\"http:\/\/www.erkanticaret.net\/wp-content\/uploads\/2026\/04\/ofcay_hazine1000gr.jpg 250w, http:\/\/www.erkanticaret.net\/wp-content\/uploads\/2026\/04\/ofcay_hazine1000gr-214x300.jpg 214w\" alt=\"\" title=\"\">\n\t\t\t\t\t\t\t\t\t<p class=\"e-paragraph-base\" data-interaction-id=\"6a78974\"  >\n\t\t\t\t\t\t\t\tOf\u00e7ay Hazine Filiz 1000 gr\n\t\t\t\t\t<\/p>\n\t\t\t\t<\/div>\n\t\t<div class=\"elementor-element elementor-element-63723bb e-con-full e-flex elementor-invisible e-con e-child\" data-id=\"63723bb\" data-element_type=\"container\" data-e-type=\"container\" data-settings=\"{&quot;animation&quot;:&quot;zoomIn&quot;}\">\n\t\t\t\t\t\t\t\n\t\t\t<img loading=\"lazy\" decoding=\"async\" class=\"e-image-base e-cabbbfa-47df80b\" data-interaction-id=\"cabbbfa\" id=\"491\" src=\"http:\/\/www.erkanticaret.net\/wp-content\/uploads\/2026\/04\/Doguscay_export500gr.jpg\" width=\"250\" height=\"350\" srcset=\"http:\/\/www.erkanticaret.net\/wp-content\/uploads\/2026\/04\/Doguscay_export500gr.jpg 250w, http:\/\/www.erkanticaret.net\/wp-content\/uploads\/2026\/04\/Doguscay_export500gr-214x300.jpg 214w\" alt=\"\" title=\"\">\n\t\t\t\t\t\t\t\t\t<p class=\"e-paragraph-base\" data-interaction-id=\"b159669\"  >\n\t\t\t\t\t\t\t\tDo\u011fu\u015f \u00c7ay Karadeniz Export \u00c7ay 500 gr\n\t\t\t\t\t<\/p>\n\t\t\t\t<\/div>\n\t\t<div class=\"elementor-element elementor-element-d6f86dd e-con-full e-flex elementor-invisible e-con e-child\" data-id=\"d6f86dd\" data-element_type=\"container\" data-e-type=\"container\" data-settings=\"{&quot;animation&quot;:&quot;zoomIn&quot;}\">\n\t\t\t\t\t\t\t\n\t\t\t<img loading=\"lazy\" decoding=\"async\" class=\"e-image-base e-6ea0389-13ffc29\" data-interaction-id=\"6ea0389\" id=\"493\" src=\"http:\/\/www.erkanticaret.net\/wp-content\/uploads\/2026\/04\/ofcay-kutulu.jpg\" width=\"250\" height=\"350\" srcset=\"http:\/\/www.erkanticaret.net\/wp-content\/uploads\/2026\/04\/ofcay-kutulu.jpg 250w, http:\/\/www.erkanticaret.net\/wp-content\/uploads\/2026\/04\/ofcay-kutulu-214x300.jpg 214w\" alt=\"\" title=\"\">\n\t\t\t\t\t\t\t\t\t<p class=\"e-paragraph-base\" data-interaction-id=\"6a59316\"  >\n\t\t\t\t\t\t\t\tDo\u011fu\u015f \u00c7ay Karadeniz Export \u00c7ay 500 gr (Karton kutu)\n\t\t\t\t\t<\/p>\n\t\t\t\t<\/div>\n\t\t<div class=\"elementor-element elementor-element-b662753 e-con-full e-flex elementor-invisible e-con e-child\" data-id=\"b662753\" data-element_type=\"container\" data-e-type=\"container\" data-settings=\"{&quot;animation&quot;:&quot;zoomIn&quot;}\">\n\t\t\t\t\t\t\t\n\t\t\t<img loading=\"lazy\" decoding=\"async\" class=\"e-image-base e-388298d-6f2c329\" data-interaction-id=\"388298d\" id=\"494\" src=\"http:\/\/www.erkanticaret.net\/wp-content\/uploads\/2026\/04\/zihni_derin.jpg\" width=\"250\" height=\"350\" srcset=\"http:\/\/www.erkanticaret.net\/wp-content\/uploads\/2026\/04\/zihni_derin.jpg 250w, http:\/\/www.erkanticaret.net\/wp-content\/uploads\/2026\/04\/zihni_derin-214x300.jpg 214w\" alt=\"\" title=\"\">\n\t\t\t\t\t\t\t\t\t<p class=\"e-paragraph-base\" data-interaction-id=\"cd6d83a\"  >\n\t\t\t\t\t\t\t\tZihni Derin May\u0131s \u00c7ay\u0131 500 gr\n\t\t\t\t\t<\/p>\n\t\t\t\t<\/div>\n\t\t<div class=\"elementor-element elementor-element-ee3f2e9 e-con-full e-flex elementor-invisible e-con e-child\" data-id=\"ee3f2e9\" data-element_type=\"container\" data-e-type=\"container\" data-settings=\"{&quot;animation&quot;:&quot;zoomIn&quot;}\">\n\t\t\t\t\t\t\t\n\t\t\t<img loading=\"lazy\" decoding=\"async\" class=\"e-image-base e-706349a-b05d3c1\" data-interaction-id=\"706349a\" id=\"495\" src=\"http:\/\/www.erkanticaret.net\/wp-content\/uploads\/2026\/04\/guzelcay-500-gr.jpg\" width=\"250\" height=\"350\" srcset=\"http:\/\/www.erkanticaret.net\/wp-content\/uploads\/2026\/04\/guzelcay-500-gr.jpg 250w, http:\/\/www.erkanticaret.net\/wp-content\/uploads\/2026\/04\/guzelcay-500-gr-214x300.jpg 214w\" alt=\"\" title=\"\">\n\t\t\t\t\t\t\t\t\t<p class=\"e-paragraph-base\" data-interaction-id=\"10121d2\"  >\n\t\t\t\t\t\t\t\tG\u00fczel \u00c7ay Tad\u0131nda 500 gr\n\t\t\t\t\t<\/p>\n\t\t\t\t<\/div>\n\t\t\t\t\t<\/div>\n\t\t\t\t<\/div>\n\t\t<div class=\"elementor-element elementor-element-4330daf e-flex e-con-boxed e-con e-parent\" data-id=\"4330daf\" data-element_type=\"container\" data-e-type=\"container\">\n\t\t\t\t\t<div class=\"e-con-inner\">\n\t\t<div class=\"elementor-element elementor-element-829d551 e-con-full e-flex elementor-invisible e-con e-child\" data-id=\"829d551\" data-element_type=\"container\" data-e-type=\"container\" data-settings=\"{&quot;animation&quot;:&quot;zoomIn&quot;}\">\n\t\t\t\t\t\t\t\n\t\t\t<img loading=\"lazy\" decoding=\"async\" class=\"e-image-base e-0b5b7a5-d1d0588\" data-interaction-id=\"0b5b7a5\" id=\"500\" src=\"http:\/\/www.erkanticaret.net\/wp-content\/uploads\/2026\/04\/nesecay-ilk-hasat.jpg\" width=\"250\" height=\"350\" srcset=\"http:\/\/www.erkanticaret.net\/wp-content\/uploads\/2026\/04\/nesecay-ilk-hasat.jpg 250w, http:\/\/www.erkanticaret.net\/wp-content\/uploads\/2026\/04\/nesecay-ilk-hasat-214x300.jpg 214w\" alt=\"\" title=\"\">\n\t\t\t\t\t\t\t\t\t<p class=\"e-8639dff-d93313a e-paragraph-base\" data-interaction-id=\"8639dff\"  >\n\t\t\t\t\t\t\t\tNe\u015fe \u00e7ay \u0130lk Hasat 500 gr\n\t\t\t\t\t<\/p>\n\t\t\t\t<\/div>\n\t\t<div class=\"elementor-element elementor-element-22c0414 e-con-full e-flex elementor-invisible e-con e-child\" data-id=\"22c0414\" data-element_type=\"container\" data-e-type=\"container\" data-settings=\"{&quot;animation&quot;:&quot;zoomIn&quot;}\">\n\t\t\t\t\t\t\t\n\t\t\t<img loading=\"lazy\" decoding=\"async\" class=\"e-image-base e-e743a3d-cec8d3e\" data-interaction-id=\"e743a3d\" id=\"501\" src=\"http:\/\/www.erkanticaret.net\/wp-content\/uploads\/2026\/04\/vega-cay.jpg\" width=\"250\" height=\"350\" srcset=\"http:\/\/www.erkanticaret.net\/wp-content\/uploads\/2026\/04\/vega-cay.jpg 250w, http:\/\/www.erkanticaret.net\/wp-content\/uploads\/2026\/04\/vega-cay-214x300.jpg 214w\" alt=\"\" title=\"\">\n\t\t\t\t\t\t\t\t\t<p class=\"e-paragraph-base\" data-interaction-id=\"72a14fa\"  >\n\t\t\t\t\t\t\t\tVega \u00c7ay Premium 500 gr\n\t\t\t\t\t<\/p>\n\t\t\t\t<\/div>\n\t\t<div class=\"elementor-element elementor-element-2dd716c e-con-full e-flex elementor-invisible e-con e-child\" data-id=\"2dd716c\" data-element_type=\"container\" data-e-type=\"container\" data-settings=\"{&quot;animation&quot;:&quot;zoomIn&quot;}\">\n\t\t\t\t\t\t\t\n\t\t\t<img loading=\"lazy\" decoding=\"async\" class=\"e-image-base e-8b38e32-7b65a10\" data-interaction-id=\"8b38e32\" id=\"505\" src=\"http:\/\/www.erkanticaret.net\/wp-content\/uploads\/2026\/04\/yenicay.jpg\" width=\"250\" height=\"350\" srcset=\"http:\/\/www.erkanticaret.net\/wp-content\/uploads\/2026\/04\/yenicay.jpg 250w, http:\/\/www.erkanticaret.net\/wp-content\/uploads\/2026\/04\/yenicay-214x300.jpg 214w\" alt=\"\" title=\"\">\n\t\t\t\t\t\t\t\t\t<p class=\"e-paragraph-base\" data-interaction-id=\"f3c4383\"  >\n\t\t\t\t\t\t\t\tYeni \u00c7ay\n\t\t\t\t\t<\/p>\n\t\t\t\t<\/div>\n\t\t<div class=\"elementor-element elementor-element-ea22570 e-con-full e-flex elementor-invisible e-con e-child\" data-id=\"ea22570\" data-element_type=\"container\" data-e-type=\"container\" data-settings=\"{&quot;animation&quot;:&quot;zoomIn&quot;}\">\n\t\t\t\t\t\t\t\n\t\t\t<img loading=\"lazy\" decoding=\"async\" class=\"e-image-base e-141c5c3-c01b22b\" data-interaction-id=\"141c5c3\" id=\"505\" src=\"http:\/\/www.erkanticaret.net\/wp-content\/uploads\/2026\/04\/yenicay.jpg\" width=\"250\" height=\"350\" srcset=\"http:\/\/www.erkanticaret.net\/wp-content\/uploads\/2026\/04\/yenicay.jpg 250w, http:\/\/www.erkanticaret.net\/wp-content\/uploads\/2026\/04\/yenicay-214x300.jpg 214w\" alt=\"\" title=\"\">\n\t\t\t\t\t\t\t\t\t<p class=\"e-paragraph-base\" data-interaction-id=\"9ebf1ee\"  >\n\t\t\t\t\t\t\t\tYeni \u00c7ay\n\t\t\t\t\t<\/p>\n\t\t\t\t<\/div>\n\t\t<div class=\"elementor-element elementor-element-5017ca8 e-con-full e-flex elementor-invisible e-con e-child\" data-id=\"5017ca8\" data-element_type=\"container\" data-e-type=\"container\" data-settings=\"{&quot;animation&quot;:&quot;zoomIn&quot;}\">\n\t\t\t\t\t\t\t\n\t\t\t<img loading=\"lazy\" decoding=\"async\" class=\"e-image-base e-ffa6d8a-c3a6507\" data-interaction-id=\"ffa6d8a\" id=\"505\" src=\"http:\/\/www.erkanticaret.net\/wp-content\/uploads\/2026\/04\/yenicay.jpg\" width=\"250\" height=\"350\" srcset=\"http:\/\/www.erkanticaret.net\/wp-content\/uploads\/2026\/04\/yenicay.jpg 250w, http:\/\/www.erkanticaret.net\/wp-content\/uploads\/2026\/04\/yenicay-214x300.jpg 214w\" alt=\"\" title=\"\">\n\t\t\t\t\t\t\t\t\t<p class=\"e-paragraph-base\" data-interaction-id=\"a7ab7a1\"  >\n\t\t\t\t\t\t\t\tYeni \u00c7ay\n\t\t\t\t\t<\/p>\n\t\t\t\t<\/div>\n\t\t<div class=\"elementor-element elementor-element-f5bfd0a e-con-full e-flex elementor-invisible e-con e-child\" data-id=\"f5bfd0a\" data-element_type=\"container\" data-e-type=\"container\" data-settings=\"{&quot;animation&quot;:&quot;zoomIn&quot;}\">\n\t\t\t\t\t\t\t\n\t\t\t<img loading=\"lazy\" decoding=\"async\" class=\"e-image-base e-1fc1886-297ba12\" data-interaction-id=\"1fc1886\" id=\"505\" src=\"http:\/\/www.erkanticaret.net\/wp-content\/uploads\/2026\/04\/yenicay.jpg\" width=\"250\" height=\"350\" srcset=\"http:\/\/www.erkanticaret.net\/wp-content\/uploads\/2026\/04\/yenicay.jpg 250w, http:\/\/www.erkanticaret.net\/wp-content\/uploads\/2026\/04\/yenicay-214x300.jpg 214w\" alt=\"\" title=\"\">\n\t\t\t\t\t\t\t\t\t<p class=\"e-paragraph-base\" data-interaction-id=\"deb3d69\"  >\n\t\t\t\t\t\t\t\tYeni \u00c7ay\n\t\t\t\t\t<\/p>\n\t\t\t\t<\/div>\n\t\t\t\t\t<\/div>\n\t\t\t\t<\/div>\n\t\t<div class=\"elementor-element elementor-element-23ec179 e-flex e-con-boxed e-con e-parent\" data-id=\"23ec179\" data-element_type=\"container\" data-e-type=\"container\">\n\t\t\t\t\t<div class=\"e-con-inner\">\n\t\t\t\t\t\n<hr class=\"e-7bccc78-9950738 e-divider-base\" data-interaction-id=\"7bccc78\"   \/>\n\t\t\t\t\t<\/div>\n\t\t\t\t<\/div>\n\t\t\t\t<\/div>\n\t\t","protected":false},"excerpt":{"rendered":"<p>\u00c7ay \u00c7e\u015fitleri Fiyat bilgisi i\u00e7in bizimle ileti\u015fime ge\u00e7ebilirsiniz . Sipari\u015f vermek i\u00e7in Hepsiburada veya Trendyol ma\u011fazam\u0131z\u0131 ziyaret edebilirsiniz. G\u00f6rseller Bilgilendirme [&hellip;]<\/p>\n","protected":false},"author":1,"featured_media":0,"parent":374,"menu_order":0,"comment_status":"closed","ping_status":"closed","template":"elementor_header_footer","meta":{"site-sidebar-layout":"no-sidebar","site-content-layout":"","ast-site-content-layout":"full-width-container","site-content-style":"default","site-sidebar-style":"default","ast-global-header-display":"","ast-banner-title-visibility":"","ast-main-header-display":"","ast-hfb-above-header-display":"","ast-hfb-below-header-display":"","ast-hfb-mobile-header-display":"","site-post-title":"","ast-breadcrumbs-content":"","ast-featured-img":"disabled","footer-sml-layout":"","ast-disable-related-posts":"","theme-transparent-header-meta":"","adv-header-id-meta":"","stick-header-meta":"","header-above-stick-meta":"","header-main-stick-meta":"","header-below-stick-meta":"","astra-migrate-meta-layouts":"default","ast-page-background-enabled":"default","ast-page-background-meta":{"desktop":{"background-color":"var(--ast-global-color-5)","background-image":"","background-repeat":"repeat","background-position":"center center","background-size":"auto","background-attachment":"scroll","background-type":"","background-media":"","overlay-type":"","overlay-color":"","overlay-opacity":"","overlay-gradient":""},"tablet":{"background-color":"","background-image":"","background-repeat":"repeat","background-position":"center center","background-size":"auto","background-attachment":"scroll","background-type":"","background-media":"","overlay-type":"","overlay-color":"","overlay-opacity":"","overlay-gradient":""},"mobile":{"background-color":"","background-image":"","background-repeat":"repeat","background-position":"center center","background-size":"auto","background-attachment":"scroll","background-type":"","background-media":"","overlay-type":"","overlay-color":"","overlay-opacity":"","overlay-gradient":""}},"ast-content-background-meta":{"desktop":{"background-color":"var(--ast-global-color-4)","background-image":"","background-repeat":"repeat","background-position":"center center","background-size":"auto","background-attachment":"scroll","background-type":"","background-media":"","overlay-type":"","overlay-color":"","overlay-opacity":"","overlay-gradient":""},"tablet":{"background-color":"var(--ast-global-color-4)","background-image":"","background-repeat":"repeat","background-position":"center center","background-size":"auto","background-attachment":"scroll","background-type":"","background-media":"","overlay-type":"","overlay-color":"","overlay-opacity":"","overlay-gradient":""},"mobile":{"background-color":"var(--ast-global-color-4)","background-image":"","background-repeat":"repeat","background-position":"center center","background-size":"auto","background-attachment":"scroll","background-type":"","background-media":"","overlay-type":"","overlay-color":"","overlay-opacity":"","overlay-gradient":""}},"footnotes":""},"class_list":["post-399","page","type-page","status-publish","hentry"],"_links":{"self":[{"href":"http:\/\/www.erkanticaret.net\/index.php?rest_route=\/wp\/v2\/pages\/399","targetHints":{"allow":["GET"]}}],"collection":[{"href":"http:\/\/www.erkanticaret.net\/index.php?rest_route=\/wp\/v2\/pages"}],"about":[{"href":"http:\/\/www.erkanticaret.net\/index.php?rest_route=\/wp\/v2\/types\/page"}],"author":[{"embeddable":true,"href":"http:\/\/www.erkanticaret.net\/index.php?rest_route=\/wp\/v2\/users\/1"}],"replies":[{"embeddable":true,"href":"http:\/\/www.erkanticaret.net\/index.php?rest_route=%2Fwp%2Fv2%2Fcomments&post=399"}],"version-history":[{"count":76,"href":"http:\/\/www.erkanticaret.net\/index.php?rest_route=\/wp\/v2\/pages\/399\/revisions"}],"predecessor-version":[{"id":599,"href":"http:\/\/www.erkanticaret.net\/index.php?rest_route=\/wp\/v2\/pages\/399\/revisions\/599"}],"up":[{"embeddable":true,"href":"http:\/\/www.erkanticaret.net\/index.php?rest_route=\/wp\/v2\/pages\/374"}],"wp:attachment":[{"href":"http:\/\/www.erkanticaret.net\/index.php?rest_route=%2Fwp%2Fv2%2Fmedia&parent=399"}],"curies":[{"name":"wp","href":"https:\/\/api.w.org\/{rel}","templated":true}]}}