{"id":76,"date":"2026-04-22T07:19:17","date_gmt":"2026-04-22T07:19:17","guid":{"rendered":"http:\/\/www.erkanticaret.net\/?page_id=76"},"modified":"2026-04-27T17:38:11","modified_gmt":"2026-04-27T17:38:11","slug":"hakkimizda","status":"publish","type":"page","link":"http:\/\/www.erkanticaret.net\/?page_id=76","title":{"rendered":"Hakk\u0131m\u0131zda"},"content":{"rendered":"\t\t<div data-elementor-type=\"wp-page\" data-elementor-id=\"76\" class=\"elementor elementor-76\">\n\t\t\t\t<div class=\"elementor-element elementor-element-1d84ee5 e-flex e-con-boxed e-con e-parent\" data-id=\"1d84ee5\" data-element_type=\"container\" data-e-type=\"container\">\n\t\t\t\t\t<div class=\"e-con-inner\">\n\t\t<div class=\"elementor-element elementor-element-d7b926c e-con-full e-flex e-con e-child\" data-id=\"d7b926c\" data-element_type=\"container\" data-e-type=\"container\">\n\t\t\t\t\t\t\t\n\t\t\t<img fetchpriority=\"high\" decoding=\"async\" class=\"e-image-base e-c242200-e1fa56f\" data-interaction-id=\"c242200\" id=\"268\" src=\"http:\/\/www.erkanticaret.net\/wp-content\/uploads\/2026\/04\/Basliksiz-2-300x300.jpg\" width=\"300\" height=\"300\" srcset=\"http:\/\/www.erkanticaret.net\/wp-content\/uploads\/2026\/04\/Basliksiz-2-300x300.jpg 300w, http:\/\/www.erkanticaret.net\/wp-content\/uploads\/2026\/04\/Basliksiz-2-150x150.jpg 150w, http:\/\/www.erkanticaret.net\/wp-content\/uploads\/2026\/04\/Basliksiz-2.jpg 600w\" alt=\"\" title=\"\">\n\t\t\t\t\t<\/div>\n\t\t<div class=\"elementor-element elementor-element-9f65e5d e-con-full e-flex e-con e-child\" data-id=\"9f65e5d\" data-element_type=\"container\" data-e-type=\"container\">\n\t\t\t\t\t\t\t\t<p class=\"e-paragraph-base\" data-interaction-id=\"e8927fe\"  >\n\t\t\t\t\t\t\t\t<strong id=\"e-mofs6xl5-4wdz5pu\">Erkan Ticaret \u2013 2006\u2019dan Bu Yana G\u00fcvenilir Tedarik<\/strong>2006 y\u0131l\u0131nda Arhavi\u2019de kurulan <strong id=\"e-mofs6xl5-4xbqbad\">Erkan Ticaret<\/strong>, zahire ve yak\u0131t sekt\u00f6r\u00fcnde g\u00fcvenilir hizmet anlay\u0131\u015f\u0131yla faaliyet g\u00f6stermektedir. Kuruldu\u011fumuz g\u00fcnden bu yana kalite, d\u00fcr\u00fcstl\u00fck ve m\u00fc\u015fteri memnuniyetini \u00f6n planda tutarak b\u00f6lgemizde sa\u011flam bir yer edindik.Zahire \u00fcr\u00fcnlerinden yak\u0131t \u00e7e\u015fitlerine, hayvan yemlerinden y\u00f6resel \u00fcr\u00fcnlere kadar geni\u015f \u00fcr\u00fcn yelpazemizle hem bireysel hem de ticari m\u00fc\u015fterilerimize hizmet sunuyoruz.<br><strong id=\"e-mofs6xl5-7zur7vu\">Tecr\u00fcbe ile G\u00fcvenin Bulu\u015ftu\u011fu Nokta<\/strong>Erkan Ticaret olarak, 2006 y\u0131l\u0131ndan bu yana sekt\u00f6rde edindi\u011fimiz tecr\u00fcbeyi m\u00fc\u015fterilerimize en iyi \u015fekilde yans\u0131t\u0131yoruz. Faaliyetlerimizi Artvin\u2019in \u00f6nemli il\u00e7elerinden biri olan Arhavi\u2019de s\u00fcrd\u00fcrerek b\u00f6lge halk\u0131n\u0131n ihtiya\u00e7lar\u0131na h\u0131zl\u0131 ve g\u00fcvenilir \u00e7\u00f6z\u00fcmler sunuyoruz.Amac\u0131m\u0131z; kaliteli \u00fcr\u00fcnleri uygun fiyatlarla sunmak, m\u00fc\u015fterilerimizle uzun vadeli g\u00fcven ili\u015fkileri kurmak ve her zaman tercih edilen bir firma olmakt\u0131r.<br><strong id=\"e-mofs6xl5-h70nys9\">HizmetlerimizGeni\u015f \u00dcr\u00fcn Yelpazesi ile Her \u0130htiyaca \u00c7\u00f6z\u00fcm<\/strong> <strong id=\"e-mofs6xl5-xf7w92i\">Zahire \u00dcr\u00fcnleri<\/strong> M\u0131s\u0131r ve m\u0131s\u0131r unu Bu\u011fday unu \u00e7e\u015fitleri F\u0131nd\u0131k al\u0131m sat\u0131m\u0131 <br><strong id=\"e-mofs6xl5-2gscb48\">Yak\u0131t \u00dcr\u00fcnleri<\/strong> Kalorifer k\u00f6m\u00fcr\u00fc Soba k\u00f6m\u00fcr\u00fc Pelet yak\u0131t <br><strong id=\"e-mofs6xl5-eh2vf2h\">Hayvanc\u0131l\u0131k \u00dcr\u00fcnleri<\/strong> B\u00fcy\u00fckba\u015f ve k\u00fc\u00e7\u00fckba\u015f hayvan yemleri Tavuk ve yumurta yemleri <br><strong id=\"e-mofs6xl5-2alz3hl\">Di\u011fer \u00dcr\u00fcnler<\/strong> Hediyelik \u00e7ay \u00e7e\u015fitleri<br><strong id=\"e-mofs6xl5-20ig5xa\">Neden Erkan Ticaret?<\/strong> 2006\u2019dan bu yana sekt\u00f6r tecr\u00fcbesi<br> G\u00fcvenilir ve d\u00fcr\u00fcst ticaret anlay\u0131\u015f\u0131<br> Kaliteli ve \u00f6zenle se\u00e7ilmi\u015f \u00fcr\u00fcnler<br> Uygun fiyat politikas\u0131<br> M\u00fc\u015fteri memnuniyeti odakl\u0131 hizmet<br>\n\t\t\t\t\t<\/p>\n\t\t\t\t<\/div>\n\t\t\t\t\t<\/div>\n\t\t\t\t<\/div>\n\t\t\t\t<div class=\"elementor-element elementor-element-dd61f41 e-con e-atomic-element e-flexbox-base\" data-id=\"dd61f41\" data-element_type=\"e-flexbox\" data-e-type=\"e-flexbox\" data-interaction-id=\"dd61f41\">\n\t\t\t\t<\/div>\n\t\t\t\t<\/div>\n\t\t","protected":false},"excerpt":{"rendered":"<p>Erkan Ticaret \u2013 2006\u2019dan Bu Yana G\u00fcvenilir Tedarik2006 y\u0131l\u0131nda Arhavi\u2019de kurulan Erkan Ticaret, zahire ve yak\u0131t sekt\u00f6r\u00fcnde g\u00fcvenilir hizmet anlay\u0131\u015f\u0131yla [&hellip;]<\/p>\n","protected":false},"author":1,"featured_media":0,"parent":0,"menu_order":0,"comment_status":"closed","ping_status":"closed","template":"","meta":{"site-sidebar-layout":"no-sidebar","site-content-layout":"","ast-site-content-layout":"full-width-container","site-content-style":"default","site-sidebar-style":"default","ast-global-header-display":"","ast-banner-title-visibility":"","ast-main-header-display":"","ast-hfb-above-header-display":"","ast-hfb-below-header-display":"","ast-hfb-mobile-header-display":"","site-post-title":"disabled","ast-breadcrumbs-content":"","ast-featured-img":"disabled","footer-sml-layout":"","ast-disable-related-posts":"","theme-transparent-header-meta":"","adv-header-id-meta":"","stick-header-meta":"","header-above-stick-meta":"","header-main-stick-meta":"","header-below-stick-meta":"","astra-migrate-meta-layouts":"default","ast-page-background-enabled":"default","ast-page-background-meta":{"desktop":{"background-color":"var(--ast-global-color-5)","background-image":"","background-repeat":"repeat","background-position":"center center","background-size":"auto","background-attachment":"scroll","background-type":"","background-media":"","overlay-type":"","overlay-color":"","overlay-opacity":"","overlay-gradient":""},"tablet":{"background-color":"","background-image":"","background-repeat":"repeat","background-position":"center center","background-size":"auto","background-attachment":"scroll","background-type":"","background-media":"","overlay-type":"","overlay-color":"","overlay-opacity":"","overlay-gradient":""},"mobile":{"background-color":"","background-image":"","background-repeat":"repeat","background-position":"center center","background-size":"auto","background-attachment":"scroll","background-type":"","background-media":"","overlay-type":"","overlay-color":"","overlay-opacity":"","overlay-gradient":""}},"ast-content-background-meta":{"desktop":{"background-color":"var(--ast-global-color-4)","background-image":"","background-repeat":"repeat","background-position":"center center","background-size":"auto","background-attachment":"scroll","background-type":"","background-media":"","overlay-type":"","overlay-color":"","overlay-opacity":"","overlay-gradient":""},"tablet":{"background-color":"var(--ast-global-color-4)","background-image":"","background-repeat":"repeat","background-position":"center center","background-size":"auto","background-attachment":"scroll","background-type":"","background-media":"","overlay-type":"","overlay-color":"","overlay-opacity":"","overlay-gradient":""},"mobile":{"background-color":"var(--ast-global-color-4)","background-image":"","background-repeat":"repeat","background-position":"center center","background-size":"auto","background-attachment":"scroll","background-type":"","background-media":"","overlay-type":"","overlay-color":"","overlay-opacity":"","overlay-gradient":""}},"footnotes":""},"class_list":["post-76","page","type-page","status-publish","hentry"],"_links":{"self":[{"href":"http:\/\/www.erkanticaret.net\/index.php?rest_route=\/wp\/v2\/pages\/76","targetHints":{"allow":["GET"]}}],"collection":[{"href":"http:\/\/www.erkanticaret.net\/index.php?rest_route=\/wp\/v2\/pages"}],"about":[{"href":"http:\/\/www.erkanticaret.net\/index.php?rest_route=\/wp\/v2\/types\/page"}],"author":[{"embeddable":true,"href":"http:\/\/www.erkanticaret.net\/index.php?rest_route=\/wp\/v2\/users\/1"}],"replies":[{"embeddable":true,"href":"http:\/\/www.erkanticaret.net\/index.php?rest_route=%2Fwp%2Fv2%2Fcomments&post=76"}],"version-history":[{"count":10,"href":"http:\/\/www.erkanticaret.net\/index.php?rest_route=\/wp\/v2\/pages\/76\/revisions"}],"predecessor-version":[{"id":272,"href":"http:\/\/www.erkanticaret.net\/index.php?rest_route=\/wp\/v2\/pages\/76\/revisions\/272"}],"wp:attachment":[{"href":"http:\/\/www.erkanticaret.net\/index.php?rest_route=%2Fwp%2Fv2%2Fmedia&parent=76"}],"curies":[{"name":"wp","href":"https:\/\/api.w.org\/{rel}","templated":true}]}}